{"id":386,"date":"2015-01-18T16:15:39","date_gmt":"2015-01-18T16:15:39","guid":{"rendered":"http:\/\/ircapital.es\/?page_id=386"},"modified":"2018-11-27T14:07:05","modified_gmt":"2018-11-27T13:07:05","slug":"frontpage","status":"publish","type":"page","link":"https:\/\/ircapital.es\/en\/","title":{"rendered":"Qui\u00e9nes"},"content":{"rendered":"<p><strong>Nuestro planteamiento. Un valor claramente diferencial.<\/strong><\/p>\n<p>En <strong>IR Capital<\/strong> aplicamos los criterios de ortodoxia de las grandes compa\u00f1\u00edas cotizadas a las compa\u00f1\u00edas en fase de crecimiento para mantener un ritmo adecuado de captaci\u00f3n de fondos acorde con los planes de crecimiento.<\/p>\n<p>Desde<strong> IR Capital<\/strong> ayudamos a dise\u00f1ar y a ejecutar la hoja de ruta que precisa la compa\u00f1\u00eda para tener acceso al capital tanto en la fase m\u00e1s inicial, etapa en la que la compa\u00f1\u00eda se construye con capital privado (Seed y Venture Capital), como en etapas posteriores, en las que abarcamos tambi\u00e9n el Mercado de Capitales, incluyendo tanto al Mercado Alternativo Burs\u00e1til (MAB) como al Mercado Continuo (Ibex Small&amp;Mid Cap).<\/p>\n<p>Cada asociado de la firma cuenta con m\u00e1s de 15 a\u00f1os de experiencia en puestos directivos en grandes corporaciones cotizadas globales, as\u00ed como en compa\u00f1\u00edas en fase de crecimiento y aceleraci\u00f3n.<\/p>\n<p>Nuestro sistema propio cuenta con referencias entusiastas y personales, como con avales de todo tipo de perfiles de clientes: empresas industriales, tecnol\u00f3gicas y de servicios, tanto participadas por fondos privados, como cotizadas. Del \u00e1mbito empresarial y del sector inmobiliario.<\/p>","protected":false},"excerpt":{"rendered":"<p>Nuestro planteamiento. Un valor claramente diferencial. En IR Capital aplicamos los criterios de ortodoxia de las grandes compa\u00f1\u00edas cotizadas a las compa\u00f1\u00edas en fase de crecimiento para mantener un ritmo adecuado de captaci\u00f3n de fondos acorde con los planes de crecimiento. Desde IR Capital ayudamos a dise\u00f1ar y a ejecutar la hoja de ruta que&hellip;<\/p>\n<p><a href=\"https:\/\/ircapital.es\/en\/\" class=\"read-more-link\">Read More &rarr;<\/a><\/p>\n","protected":false},"author":7,"featured_media":0,"parent":0,"menu_order":0,"comment_status":"closed","ping_status":"closed","template":"frontpage.php","meta":[],"_links":{"self":[{"href":"https:\/\/ircapital.es\/en\/wp-json\/wp\/v2\/pages\/386"}],"collection":[{"href":"https:\/\/ircapital.es\/en\/wp-json\/wp\/v2\/pages"}],"about":[{"href":"https:\/\/ircapital.es\/en\/wp-json\/wp\/v2\/types\/page"}],"author":[{"embeddable":true,"href":"https:\/\/ircapital.es\/en\/wp-json\/wp\/v2\/users\/7"}],"replies":[{"embeddable":true,"href":"https:\/\/ircapital.es\/en\/wp-json\/wp\/v2\/comments?post=386"}],"version-history":[{"count":9,"href":"https:\/\/ircapital.es\/en\/wp-json\/wp\/v2\/pages\/386\/revisions"}],"predecessor-version":[{"id":938,"href":"https:\/\/ircapital.es\/en\/wp-json\/wp\/v2\/pages\/386\/revisions\/938"}],"wp:attachment":[{"href":"https:\/\/ircapital.es\/en\/wp-json\/wp\/v2\/media?parent=386"}],"curies":[{"name":"wp","href":"https:\/\/api.w.org\/{rel}","templated":true}]}}