{"id":908,"date":"2018-05-07T21:42:39","date_gmt":"2018-05-07T20:42:39","guid":{"rendered":"http:\/\/ircapital.es\/?page_id=908"},"modified":"2018-11-27T14:15:20","modified_gmt":"2018-11-27T13:15:20","slug":"aviso-legal","status":"publish","type":"page","link":"https:\/\/ircapital.es\/en\/slider\/aviso-legal\/","title":{"rendered":"Aviso Legal"},"content":{"rendered":"<p>IR Capital Asesores Registrados, S.L.U. cumple con los requisitos establecidos en la Ley 34\/2002, de 11 de julio, de Servicios de la Sociedad de la Informaci\u00f3n y Comercio Electr\u00f3nico, as\u00ed como en la Ley Org\u00e1nica 15\/1999, de 13 de diciembre, sobre Protecci\u00f3n de Datos de Car\u00e1cter Personal (LOPD) y a tal fin ha creado el siguiente Aviso Legal:<\/p>\n<p>&nbsp;<\/p>\n<p><strong>Informaci\u00f3n<\/strong><\/p>\n<p><strong><u>Denominaci\u00f3n social<\/u>:<\/strong> IR Capital Asesores Registrados, S.L.U.<\/p>\n<p><strong><u>Domicilio social<\/u>:<\/strong> Pla\u00e7a de Gal-la Plac\u00eddia, 5-7, planta 12, 08006 &#8211; Barcelona<\/p>\n<p><strong><u>NIF<\/u>:<\/strong> B-66308404<\/p>\n<p><strong><u>Datos de inscripci\u00f3n<\/u>:<\/strong> Registro Mercantil de Barcelona, Tomo 44.404, Folio 192, Hoja B-455131<\/p>\n<p><strong><u>Nombre comercial<\/u>:<\/strong> IR Capital<\/p>\n<p><strong><u>Nombre de dominio<\/u>:<\/strong> www.ircapital.es<\/p>\n<p>&nbsp;<\/p>\n<p><strong>Datos de Contacto<\/strong><\/p>\n<p>IR Capital Asesores Registrados, S.L.U.<\/p>\n<p>Pla\u00e7a de Gal-la Plac\u00eddia, 5-7, planta 12, 08006 &#8211; Barcelona<\/p>\n<p>Tel.: 34- INDICAR<\/p>\n<p>Fax 34- INDICAR<\/p>\n<p>Email: cori@ircapital.es<\/p>\n<p>&nbsp;<\/p>\n<p><strong>Condiciones Generales de Uso<\/strong><\/p>\n<p>Toda persona que acceda a este sitio Web asume el papel de Usuario, comprometi\u00e9ndose a la observancia y cumplimiento riguroso de las disposiciones aqu\u00ed dispuestas, as\u00ed como a cualquier otra disposici\u00f3n legal que fuera de aplicaci\u00f3n.<\/p>\n<p>IR Capital Asesores Registrados, S.L.U. se reserva el derecho a modificar cualquier tipo de informaci\u00f3n que pudiera aparecer en el sitio Web, sin que exista obligaci\u00f3n de preavisar o poner en conocimiento de los Usuarios dichas obligaciones, entendi\u00e9ndose como suficiente con la publicaci\u00f3n en su sitio Web.<\/p>\n<p>El usuario acepta plenamente y sin reservas las disposiciones incluidas en este Aviso Legal, en la versi\u00f3n publicada por IR Capital Asesores Registrados, S.L.U. en el momento mismo en que el usuario acceda al sitio web.<\/p>\n<p>El sitio Web puede ser visitado libremente y el usuario se compromete a utilizar sus contenidos y servicios de conformidad con la ley, la moral, las buenas costumbres y el presente Aviso Legal. A tal efecto, el usuario se abstendr\u00e1 de utilizar el sitio Web con fines o efectos il\u00edcitos, prohibidos y lesivos de los derechos e intereses de terceros.<\/p>\n<p>IR Capital Asesores Registrados, S.L.U. no se responsabiliza de los errores u omisiones, de los contenidos del sitio Web ni de otros contenidos a los que se pueda acceder a trav\u00e9s del mismo, ni de los da\u00f1os derivados de la utilizaci\u00f3n del sitio Web, ni por cualquier actuaci\u00f3n realizada sobre la base de la informaci\u00f3n que en ella se facilita.<\/p>\n<p>IR Capital Asesores Registrados, S.L.U. no garantiza la ausencia de virus u otros elementos lesivos, que pudieran causar da\u00f1os o alteraciones en el sistema inform\u00e1tico, en los documentos electr\u00f3nicos o en los ficheros del usuario de la Web; ni responde de los da\u00f1os y perjuicios, que tales elementos pudieran ocasionar al usuario o terceros.<\/p>\n<p>La Web tiene car\u00e1cter informativo, por lo que su contenido podr\u00e1 ser modificado, ampliado o suprimido en cualquier momento, sin previo aviso.<\/p>\n<p>IR Capital Asesores Registrados, S.L.U. se reserva el derecho de actualizar los contenidos de la p\u00e1gina Web y eliminarlos, as\u00ed como de limitar e impedir el acceso a los mismos, ya sea temporal o definitivamente, sin previa notificaci\u00f3n.<\/p>\n<p>&nbsp;<\/p>\n<p><strong>Derechos de Propiedad Intelectual e Industrial<\/strong><\/p>\n<p>Todos los derechos de propiedad intelectual y\/o industrial del sitio Web y de todos sus contenidos (textos, im\u00e1genes, dise\u00f1os, creatividades, software, c\u00f3digo fuente, fragmento de audio, programas inform\u00e1ticos, descargas digitales, bases de datos, nombres comerciales, marcas, logotipos, y\/o cualquier otro signo distintivo, etc.) que formen o hayan formado parte de la misma en alg\u00fan momento, est\u00e1n protegidos por Ley y pertenecen a IR Capital Asesores Registrados, S.L.U.<\/p>\n<p>En ning\u00fan caso se entender\u00e1 que el acceso y uso del sitio Web implica la renuncia, transmisi\u00f3n, licencia, cesi\u00f3n, total ni parcial, ni autorizaci\u00f3n de clase alguna para la explotaci\u00f3n, reproducci\u00f3n, comunicaci\u00f3n p\u00fablica, difusi\u00f3n, divulgaci\u00f3n y\/o transformaci\u00f3n ni de la Web, ni de sus contenidos, entendidos con la amplitud se\u00f1alada en el punto anterior, ni tampoco de los derechos de propiedad intelectual y\/o industrial inherentes a los mismos.<\/p>\n<p>&nbsp;<\/p>\n<p><strong>Pol\u00edtica de Privacidad<\/strong><\/p>\n<p>IR Capital Asesores Registrados, S.L.U. protege los datos personales seg\u00fan lo establecido en la Ley Org\u00e1nica 15\/1999, de 13 de diciembre, sobre Protecci\u00f3n de Datos de Car\u00e1cter Personal (LOPD) y en el Real Decreto 1720\/2007, de 21 de diciembre, de medidas de seguridad de los ficheros que contienen datos de car\u00e1cter personal, as\u00ed como en el nuevo Reglamento General de Protecci\u00f3n de Datos 2016\/679.<\/p>\n<p>Conforme a la normativa en vigor sobre tratamiento de datos le informamos:<\/p>\n<p>&nbsp;<\/p>\n<p><strong><u>Responsable de los datos<\/u>:<\/strong> IR Capital Asesores Registrados, S.L.U.<\/p>\n<p><strong><u>Denominaci\u00f3n social<\/u>:<\/strong> IR Capital Asesores Registrados, S.L.U.<\/p>\n<p><strong><u>Domicilio social<\/u>:<\/strong> Pla\u00e7a de Gal-la Plac\u00eddia, 5-7, planta 12, 08006 &#8211; Barcelona<\/p>\n<p><strong><u>CIF<\/u>:<\/strong> B-66308404<\/p>\n<p>&nbsp;<\/p>\n<p>Sus datos ser\u00e1n tratados con la m\u00e1xima confidencialidad para gestionar nuestra relaci\u00f3n comercial y poder informarle sobre los productos y\/o servicios que prestamos. Los datos se conservar\u00e1n hasta que se solicite la supresi\u00f3n a la siguiente direcci\u00f3n INDICAR<\/p>\n<p>IR Capital Asesores Registrados, S.L.U. est\u00e1 legitimada para tratar sus datos por el consentimiento que nos otorga en la presente comunicaci\u00f3n.<\/p>\n<p>IR Capital Asesores Registrados, S.L.U. no ceder\u00e1 datos a terceros.<\/p>\n<p>Para ejercer los derechos de acceso, rectificaci\u00f3n, supresi\u00f3n y portabilidad de sus datos, y la limitaci\u00f3n u oposici\u00f3n a su tratamiento se debe dirigir por escrito a INDICAR<\/p>\n<p>&nbsp;<\/p>\n<p><strong>Enlaces<\/strong><\/p>\n<p>IR Capital Asesores Registrados, S.L.U. no asume ninguna responsabilidad sobre el contenido, informaci\u00f3n o servicios que puedan ofrecer los enlaces que se presentan en nuestro sitio Web, y que tienen car\u00e1cter meramente informativo.<\/p>\n<p>&nbsp;<\/p>\n<p><strong>Legislaci\u00f3n aplicable<\/strong><\/p>\n<p>IR Capital Asesores Registrados, S.L.U. se rige por la legislaci\u00f3n espa\u00f1ola.<\/p>","protected":false},"excerpt":{"rendered":"<p>IR Capital Asesores Registrados, S.L.U. cumple con los requisitos establecidos en la Ley 34\/2002, de 11 de julio, de Servicios de la Sociedad de la Informaci\u00f3n y Comercio Electr\u00f3nico, as\u00ed como en la Ley Org\u00e1nica 15\/1999, de 13 de diciembre, sobre Protecci\u00f3n de Datos de Car\u00e1cter Personal (LOPD) y a tal fin ha creado el&hellip;<\/p>\n<p><a href=\"https:\/\/ircapital.es\/en\/slider\/aviso-legal\/\" class=\"read-more-link\">Read More &rarr;<\/a><\/p>\n","protected":false},"author":8,"featured_media":0,"parent":390,"menu_order":0,"comment_status":"closed","ping_status":"closed","template":"","meta":[],"_links":{"self":[{"href":"https:\/\/ircapital.es\/en\/wp-json\/wp\/v2\/pages\/908"}],"collection":[{"href":"https:\/\/ircapital.es\/en\/wp-json\/wp\/v2\/pages"}],"about":[{"href":"https:\/\/ircapital.es\/en\/wp-json\/wp\/v2\/types\/page"}],"author":[{"embeddable":true,"href":"https:\/\/ircapital.es\/en\/wp-json\/wp\/v2\/users\/8"}],"replies":[{"embeddable":true,"href":"https:\/\/ircapital.es\/en\/wp-json\/wp\/v2\/comments?post=908"}],"version-history":[{"count":7,"href":"https:\/\/ircapital.es\/en\/wp-json\/wp\/v2\/pages\/908\/revisions"}],"predecessor-version":[{"id":949,"href":"https:\/\/ircapital.es\/en\/wp-json\/wp\/v2\/pages\/908\/revisions\/949"}],"up":[{"embeddable":true,"href":"https:\/\/ircapital.es\/en\/wp-json\/wp\/v2\/pages\/390"}],"wp:attachment":[{"href":"https:\/\/ircapital.es\/en\/wp-json\/wp\/v2\/media?parent=908"}],"curies":[{"name":"wp","href":"https:\/\/api.w.org\/{rel}","templated":true}]}}