{"id":915,"date":"2018-05-07T22:09:03","date_gmt":"2018-05-07T21:09:03","guid":{"rendered":"http:\/\/ircapital.es\/?page_id=915"},"modified":"2018-11-27T14:15:47","modified_gmt":"2018-11-27T13:15:47","slug":"politica-de-cookies","status":"publish","type":"page","link":"https:\/\/ircapital.es\/en\/slider\/politica-de-cookies\/","title":{"rendered":"Pol\u00edtica de Cookies"},"content":{"rendered":"<p><strong>\u00bfQu\u00e9 son las Cookies?<\/strong><\/p>\n<p>Las cookies son archivos de texto que se instalan en el equipo desde el que se accede a esta p\u00e1gina y que env\u00edan, de forma autom\u00e1tica, informaci\u00f3n a nuestro servidor. <strong>Las cookies no son virus inform\u00e1ticos<\/strong>. No da\u00f1an su ordenador ni ralentizan su funcionamiento. Puede eliminarlas en cualquier momento, o rechazarlas configurando el programa de navegaci\u00f3n que utiliza.<\/p>\n<p>A continuaci\u00f3n le informamos sobre las cookies que utilizamos:<\/p>\n<ul>\n<li><strong>Cookies de Google Analytics:<\/strong> Para analizar y optimizar la funcionalidad de nuestra Web utilizamos Google Analytics, cuyas principales cookies son: _utma, _utmb, _utmc, _utmz, las cuales proporcionan informaci\u00f3n an\u00f3nima sobre la interacci\u00f3n del usuario en la p\u00e1gina Web.<\/li>\n<\/ul>\n<ul>\n<li><strong>Cookies propias t\u00e9cnicas:<\/strong> Aqu\u00e9llas que permiten al usuario la navegaci\u00f3n a trav\u00e9s de las Web y la utilizaci\u00f3n de los diferentes servicios u opciones que se ofrecen.<\/li>\n<\/ul>\n<p>&nbsp;<\/p>\n<p>Puede encontrar m\u00e1s informaci\u00f3n en:<\/p>\n<p><a href=\"http:\/\/www.google.com\/intl\/es_ALL\/analytics\/learn\/privacy.html\">http:\/\/www.google.com\/intl\/es_ALL\/analytics\/learn\/privacy.html<\/a><\/p>\n<p>&nbsp;<\/p>\n<p><strong>\u00bfPuedo configurar la instalaci\u00f3n de cookies en mi navegador?<\/strong><\/p>\n<p>El usuario puede configurar su navegador para ser avisado de la recepci\u00f3n de cookies y, si lo desea, impedir su instalaci\u00f3n en su equipo. Asimismo, el usuario puede revisar en su navegador qu\u00e9 cookies tiene instaladas y cu\u00e1l es el plazo de caducidad de las mismas, pudiendo eliminarlas. Si desea impedir el uso de cookies, le ofrecemos la siguiente informaci\u00f3n, relativa a los principales navegadores:<\/p>\n<p><strong>Google Chrome: <\/strong><\/p>\n<p><a href=\"http:\/\/support.google.com\/chrome\/bin\/answer.py?hl=es&amp;answer=95647\">http:\/\/support.google.com\/chrome\/bin\/answer.py?hl=es&amp;answer=95647<\/a><\/p>\n<p><strong>Internet Explorer:<\/strong><\/p>\n<p><a href=\"http:\/\/windows.microsoft.com\/es-es\/windows7\/how-to-manage-cookies-in-internet-explorer-9\">http:\/\/windows.microsoft.com\/es-es\/windows7\/how-to-manage-cookies-in-internet-explorer-9<\/a><\/p>\n<p><strong>Mozilla Firefox:<\/strong><\/p>\n<p><u><a href=\"http:\/\/support.mozilla.org\/es\/kb\/habilitar-y-deshabilitar-cookies-que-los-sitios-we\">http:\/\/support.mozilla.org\/es\/kb\/habilitar-y-deshabilitar-cookies-que-los-sitios-we<\/a><\/u><\/p>\n<p><strong>Safari:<\/strong><\/p>\n<p><a href=\"http:\/\/support.apple.com\/kb\/ph5042\">http:\/\/support.apple.com\/kb\/ph5042<\/a><\/p>\n<p><strong>Safari para IOS:<\/strong><\/p>\n<p><a href=\"http:\/\/support.apple.com\/kb\/HT1677?viewlocale=es_ES&amp;locale=es_ES\">http:\/\/support.apple.com\/kb\/HT1677?viewlocale=es_ES&amp;locale=es_ES<\/a><\/p>\n<p><strong>Opera:<\/strong><\/p>\n<p><u><a href=\"http:\/\/help.opera.com\/Windows\/11.50\/es-ES\/cookies.html\">http:\/\/help.opera.com\/Windows\/11.50\/es-ES\/cookies.html<\/a><\/u><\/p>\n<p>&nbsp;<\/p>\n<p>En caso de que el usuario no permita el uso de cookies durante su navegaci\u00f3n por este sitio Web, no garantiza que la informaci\u00f3n aparecida durante la navegaci\u00f3n por el mismo sea exacta, completa o, incluso, que la navegaci\u00f3n sea t\u00e9cnicamente posible o viable.<\/p>\n<p>&nbsp;<\/p>\n<p><strong>Informaci\u00f3n de Contacto <\/strong><\/p>\n<p>Si desea m\u00e1s informaci\u00f3n sobre nuestra pol\u00edtica de cookies se puede dirigir a la siguiente direcci\u00f3n electr\u00f3nica: <a href=\"mailto:cori@ircapital.es\">cori@ircapital.es<\/a><\/p>","protected":false},"excerpt":{"rendered":"<p>\u00bfQu\u00e9 son las Cookies? Las cookies son archivos de texto que se instalan en el equipo desde el que se accede a esta p\u00e1gina y que env\u00edan, de forma autom\u00e1tica, informaci\u00f3n a nuestro servidor. Las cookies no son virus inform\u00e1ticos. No da\u00f1an su ordenador ni ralentizan su funcionamiento. Puede eliminarlas en cualquier momento, o rechazarlas&hellip;<\/p>\n<p><a href=\"https:\/\/ircapital.es\/en\/slider\/politica-de-cookies\/\" class=\"read-more-link\">Read More &rarr;<\/a><\/p>\n","protected":false},"author":8,"featured_media":0,"parent":390,"menu_order":0,"comment_status":"closed","ping_status":"closed","template":"","meta":[],"_links":{"self":[{"href":"https:\/\/ircapital.es\/en\/wp-json\/wp\/v2\/pages\/915"}],"collection":[{"href":"https:\/\/ircapital.es\/en\/wp-json\/wp\/v2\/pages"}],"about":[{"href":"https:\/\/ircapital.es\/en\/wp-json\/wp\/v2\/types\/page"}],"author":[{"embeddable":true,"href":"https:\/\/ircapital.es\/en\/wp-json\/wp\/v2\/users\/8"}],"replies":[{"embeddable":true,"href":"https:\/\/ircapital.es\/en\/wp-json\/wp\/v2\/comments?post=915"}],"version-history":[{"count":4,"href":"https:\/\/ircapital.es\/en\/wp-json\/wp\/v2\/pages\/915\/revisions"}],"predecessor-version":[{"id":950,"href":"https:\/\/ircapital.es\/en\/wp-json\/wp\/v2\/pages\/915\/revisions\/950"}],"up":[{"embeddable":true,"href":"https:\/\/ircapital.es\/en\/wp-json\/wp\/v2\/pages\/390"}],"wp:attachment":[{"href":"https:\/\/ircapital.es\/en\/wp-json\/wp\/v2\/media?parent=915"}],"curies":[{"name":"wp","href":"https:\/\/api.w.org\/{rel}","templated":true}]}}